{"id":4390,"date":"2021-06-13T07:45:29","date_gmt":"2021-06-13T07:45:29","guid":{"rendered":"https:\/\/neptuneproject.eu\/progetto\/"},"modified":"2026-03-26T16:26:58","modified_gmt":"2026-03-26T16:26:58","slug":"neptune-evolution","status":"publish","type":"page","link":"https:\/\/demo2.mastersite.it\/fr\/neptune-evolution\/","title":{"rendered":"Neptune evolution"},"content":{"rendered":"<p><div class=\"fusion-fullwidth fullwidth-box fusion-builder-row-1 fusion-flex-container fusion-parallax-none hundred-percent-fullwidth non-hundred-percent-height-scrolling\" style=\"--awb-border-radius-top-left:0px;--awb-border-radius-top-right:0px;--awb-border-radius-bottom-right:0px;--awb-border-radius-bottom-left:0px;--awb-padding-top:0px;--awb-padding-right:0px;--awb-padding-bottom:0px;--awb-padding-left:0px;--awb-margin-top:0px;--awb-margin-bottom:0px;--awb-background-image:url(&quot;https:\/\/demo2.mastersite.it\/wp-content\/uploads\/2021\/06\/SUB-su-Secca-della-Scola-alghe-e-Chromis-chromis-o-castagnole-nere_PENCO_-Pianosa-PNAT.jpg&quot;);--awb-background-size:cover;--awb-flex-wrap:wrap;\" ><div class=\"fusion-builder-row fusion-row fusion-flex-align-items-flex-start fusion-flex-content-wrap\" style=\"width:104% !important;max-width:104% !important;margin-left: calc(-4% \/ 2 );margin-right: calc(-4% \/ 2 );\"><div class=\"fusion-layout-column fusion_builder_column fusion-builder-column-0 fusion_builder_column_1_1 1_1 fusion-flex-column\" style=\"--awb-bg-size:cover;--awb-width-large:100%;--awb-margin-top-large:0px;--awb-spacing-right-large:1.92%;--awb-margin-bottom-large:0px;--awb-spacing-left-large:1.92%;--awb-width-medium:100%;--awb-order-medium:0;--awb-spacing-right-medium:1.92%;--awb-spacing-left-medium:1.92%;--awb-width-small:100%;--awb-order-small:0;--awb-spacing-right-small:1.92%;--awb-spacing-left-small:1.92%;\"><div class=\"fusion-column-wrapper fusion-column-has-shadow fusion-flex-justify-content-flex-start fusion-content-layout-column\"><div class=\"fusion-separator fusion-full-width-sep\" style=\"align-self: center;margin-left: auto;margin-right: auto;margin-top:150px;margin-bottom:0px;width:100%;\"><\/div><div class=\"fusion-section-separator section-separator waves-opacity fusion-section-separator-1\" style=\"--awb-spacer-padding-top:inherit;--awb-svg-margin-left:1.92%;--awb-svg-margin-right:1.92%;--awb-svg-margin-left-medium:1.92%;--awb-svg-margin-right-medium:1.92%;--awb-svg-margin-left-small:1.92%;--awb-svg-margin-right-small:1.92%;--awb-divider-height:30vh;--awb-spacer-height:30vh;--awb-sep-font-size:0;--awb-sep-line-height:0;--awb-margin-top:0px;--awb-margin-right:0px;--awb-margin-bottom:0px;--awb-margin-left:0px;\"><div class=\"fusion-section-separator-svg\"><svg class=\"fusion-waves-opacity-candy\" xmlns=\"http:\/\/www.w3.org\/2000\/svg\" version=\"1.1\" width=\"100%\" viewBox=\"0 0 1024 216\" preserveAspectRatio=\"none\" fill=\"rgba(255,255,255,1)\"><path class=\"st0\" d=\"M0 216.068h1024l.1-105.2c-14.6-3.2-30.2-5.8-47.1-7.6-178.6-19.6-279.5 56.8-464.3 41.3-206.5-17.2-248.4-128.8-455-143.8-19-1.3-38.3-.2-57.7.3v215z\"\/>\n\t\t\t\t\t\t\t\t\t\t<path class=\"st1\" d=\"M0 20.068v196.144h1024v-79.744c-22.7-6.4-47.9-11.4-76.2-14.6-178.6-19.8-272.2 53.9-457.1 38.4-206.6-17.2-197.3-124.7-403.9-139.8-27.2-2-56.6-2-86.8-.4z\"\/>\n\t\t\t\t\t\t\t\t\t\t<path class=\"st2\" d=\"M0 216.212h1024v-35.744c-45.1-15.4-95.2-27.7-150-33.7-178.6-19.8-220.6 46.8-405.4 31.3-206.6-17.2-197.8-114.7-404.4-129.7-20.4-1.5-42-2-64.2-1.7v169.544z\"\/>\n\t\t\t\t\t\t\t\t\t\t<path class=\"st3\" d=\"M0 216.312h1024v-3.044c-50.8-17.1-108.7-30.7-172.7-37.9-178.6-19.8-220 36.8-404.9 21.3-206.6-17.2-228-126.5-434.5-141.6-3.9-.3-7.9-.5-11.9-.7v161.944z\"\/>\n\t\t\t\t\t\t\t\t\t<\/svg><\/div><div class=\"fusion-section-separator-spacer\"><div class=\"fusion-section-separator-spacer-height\"><\/div><\/div><\/div><\/div><\/div><\/div><\/div><div class=\"fusion-fullwidth fullwidth-box fusion-builder-row-2 fusion-flex-container nonhundred-percent-fullwidth non-hundred-percent-height-scrolling\" style=\"--awb-border-radius-top-left:0px;--awb-border-radius-top-right:0px;--awb-border-radius-bottom-right:0px;--awb-border-radius-bottom-left:0px;--awb-background-color:#003399;--awb-background-image:linear-gradient(180deg, #003399 0%,#000000 100%);--awb-flex-wrap:wrap;\" ><div class=\"fusion-builder-row fusion-row fusion-flex-align-items-flex-start fusion-flex-content-wrap\" style=\"max-width:1216.8px;margin-left: calc(-4% \/ 2 );margin-right: calc(-4% \/ 2 );\"><div class=\"fusion-layout-column fusion_builder_column fusion-builder-column-1 fusion_builder_column_1_1 1_1 fusion-flex-column\" style=\"--awb-bg-size:cover;--awb-width-large:100%;--awb-margin-top-large:0px;--awb-spacing-right-large:1.92%;--awb-margin-bottom-large:0px;--awb-spacing-left-large:1.92%;--awb-width-medium:100%;--awb-order-medium:0;--awb-spacing-right-medium:1.92%;--awb-spacing-left-medium:1.92%;--awb-width-small:100%;--awb-order-small:0;--awb-spacing-right-small:1.92%;--awb-spacing-left-small:1.92%;\"><div class=\"fusion-column-wrapper fusion-column-has-shadow fusion-flex-justify-content-flex-start fusion-content-layout-column\"><div class=\"fusion-text fusion-text-1\"><p style=\"text-align: center; font-size: 60px;\"><strong>Projet<\/strong><\/p>\n<\/div><div class=\"fusion-separator fusion-full-width-sep\" style=\"align-self: center;margin-left: auto;margin-right: auto;width:100%;\"><\/div><nav class=\"awb-menu awb-menu_row awb-menu_em-hover mobile-mode-collapse-to-button awb-menu_icons-left awb-menu_dc-yes mobile-trigger-fullwidth-off awb-menu_mobile-toggle awb-menu_indent-left mobile-size-full-absolute loading mega-menu-loading awb-menu_desktop awb-menu_dropdown awb-menu_expand-right awb-menu_transition-fade\" style=\"--awb-font-size:20px;--awb-text-transform:uppercase;--awb-gap:30px;--awb-color:var(--awb-color4);--awb-active-color:var(--awb-color1);--awb-icons-size:20;--awb-icons-color:var(--awb-color4);--awb-icons-hover-color:var(--awb-color1);--awb-main-justify-content:flex-start;--awb-mobile-justify:flex-start;--awb-mobile-caret-left:auto;--awb-mobile-caret-right:0;--awb-fusion-font-family-typography:&quot;Open Sans&quot;;--awb-fusion-font-style-typography:normal;--awb-fusion-font-weight-typography:700;--awb-fusion-font-family-submenu-typography:inherit;--awb-fusion-font-style-submenu-typography:normal;--awb-fusion-font-weight-submenu-typography:400;--awb-fusion-font-family-mobile-typography:inherit;--awb-fusion-font-style-mobile-typography:normal;--awb-fusion-font-weight-mobile-typography:400;\" aria-label=\"MENU PROGETTI FR\" data-breakpoint=\"0\" data-count=\"0\" data-transition-type=\"fade\" data-transition-time=\"300\" data-expand=\"right\"><ul id=\"menu-menu-progetti-fr\" class=\"fusion-menu awb-menu__main-ul awb-menu__main-ul_row\"><li  id=\"menu-item-10797\"  class=\"menu-item menu-item-type-post_type menu-item-object-page menu-item-10797 awb-menu__li awb-menu__main-li awb-menu__main-li_regular\"  data-item-id=\"10797\"><span class=\"awb-menu__main-background-default awb-menu__main-background-default_fade\"><\/span><span class=\"awb-menu__main-background-active awb-menu__main-background-active_fade\"><\/span><a  href=\"https:\/\/demo2.mastersite.it\/fr\/neptune-evolution\/\" class=\"awb-menu__main-a awb-menu__main-a_regular fusion-flex-link\"><span class=\"awb-menu__i awb-menu__i_main fusion-megamenu-icon\"><i class=\"glyphicon fa-angle-right fas\" aria-hidden=\"true\"><\/i><\/span><span class=\"menu-text\">Neptune evolution<\/span><\/a><\/li><li  id=\"menu-item-10725\"  class=\"menu-item menu-item-type-post_type menu-item-object-page menu-item-10725 awb-menu__li awb-menu__main-li awb-menu__main-li_regular\"  data-item-id=\"10725\"><span class=\"awb-menu__main-background-default awb-menu__main-background-default_fade\"><\/span><span class=\"awb-menu__main-background-active awb-menu__main-background-active_fade\"><\/span><a  href=\"https:\/\/demo2.mastersite.it\/fr\/neptune-evolution\/objectifs-du-projet\/\" class=\"awb-menu__main-a awb-menu__main-a_regular fusion-flex-link\"><span class=\"awb-menu__i awb-menu__i_main fusion-megamenu-icon\"><i class=\"glyphicon fa-angle-right fas\" aria-hidden=\"true\"><\/i><\/span><span class=\"menu-text\">Objectifs du projet<\/span><\/a><\/li><li  id=\"menu-item-10721\"  class=\"menu-item menu-item-type-post_type menu-item-object-page menu-item-10721 awb-menu__li awb-menu__main-li awb-menu__main-li_regular\"  data-item-id=\"10721\"><span class=\"awb-menu__main-background-default awb-menu__main-background-default_fade\"><\/span><span class=\"awb-menu__main-background-active awb-menu__main-background-active_fade\"><\/span><a  href=\"https:\/\/demo2.mastersite.it\/fr\/neptune-evolution\/livrables-du-projet\/\" class=\"awb-menu__main-a awb-menu__main-a_regular fusion-flex-link\"><span class=\"awb-menu__i awb-menu__i_main fusion-megamenu-icon\"><i class=\"glyphicon fa-angle-right fas\" aria-hidden=\"true\"><\/i><\/span><span class=\"menu-text\">Livrables du projet<\/span><\/a><\/li><li  id=\"menu-item-10729\"  class=\"menu-item menu-item-type-post_type menu-item-object-page menu-item-10729 awb-menu__li awb-menu__main-li awb-menu__main-li_regular\"  data-item-id=\"10729\"><span class=\"awb-menu__main-background-default awb-menu__main-background-default_fade\"><\/span><span class=\"awb-menu__main-background-active awb-menu__main-background-active_fade\"><\/span><a  href=\"https:\/\/demo2.mastersite.it\/fr\/neptune-evolution\/partenaires\/\" class=\"awb-menu__main-a awb-menu__main-a_regular fusion-flex-link\"><span class=\"awb-menu__i awb-menu__i_main fusion-megamenu-icon\"><i class=\"glyphicon fa-angle-right fas\" aria-hidden=\"true\"><\/i><\/span><span class=\"menu-text\">Partenaires<\/span><\/a><\/li><li  id=\"menu-item-10713\"  class=\"menu-item menu-item-type-post_type menu-item-object-page menu-item-10713 awb-menu__li awb-menu__main-li awb-menu__main-li_regular\"  data-item-id=\"10713\"><span class=\"awb-menu__main-background-default awb-menu__main-background-default_fade\"><\/span><span class=\"awb-menu__main-background-active awb-menu__main-background-active_fade\"><\/span><a  href=\"https:\/\/demo2.mastersite.it\/fr\/neptune\/\" class=\"awb-menu__main-a awb-menu__main-a_regular fusion-flex-link\"><span class=\"awb-menu__i awb-menu__i_main fusion-megamenu-icon\"><i class=\"glyphicon fa-angle-right fas\" aria-hidden=\"true\"><\/i><\/span><span class=\"menu-text\">Neptune<\/span><\/a><\/li><\/ul><\/nav>\n<div class=\"fusion-separator fusion-full-width-sep\" style=\"align-self: center;margin-left: auto;margin-right: auto;width:100%;\"><div class=\"fusion-separator-border sep-single sep-dashed\" style=\"--awb-height:20px;--awb-amount:20px;border-color:#ffffff;border-top-width:1px;\"><\/div><\/div><div class=\"fusion-separator fusion-full-width-sep\" style=\"align-self: center;margin-left: auto;margin-right: auto;margin-top:20px;margin-bottom:20px;width:100%;\"><\/div><div class=\"fusion-title title fusion-title-1 fusion-sep-none fusion-title-text fusion-title-size-two\" style=\"--awb-margin-bottom:2px;--awb-margin-top-small:20px;--awb-margin-right-small:0px;--awb-margin-bottom-small:20px;--awb-margin-left-small:0px;\"><h2 class=\"fusion-title-heading title-heading-left fusion-responsive-typography-calculated\" style=\"margin:0;--fontSize:50.4;line-height:1.3;\"><h2><strong>Interreg Maritime \u00ab NEPTUNE \u00bb<\/strong><\/h2><\/h2><\/div><div class=\"fusion-text fusion-text-2 fusion-text-no-margin\" style=\"--awb-margin-top:0px;--awb-margin-bottom:100px;\"><p>Le d\u00e9fi de NEPTUNE EVOLUTION est de renforcer et d&#8217;int\u00e9grer le r\u00e9seau transfrontalier de sites subaquatiques pilotes (sentiers bleus) de grand int\u00e9r\u00eat naturel, g\u00e9r\u00e9s et utilis\u00e9s de mani\u00e8re durable, en valorisant l&#8217;ensemble de l&#8217;espace transfrontalier. L&#8217;objectif est de consolider les outils de suivi, de pr\u00e9servation et de valorisation du patrimoine naturel subaquatique en les rendant plus utilisables et disponibles au niveau transfrontalier, et enfin d&#8217;\u00ab \u00e9voluer \u00bb vers l&#8217;innovation technologique en permettant l&#8217;immersion virtuelle en 3D de l&#8217;ensemble de l&#8217;espace transfrontalier. Avec NEPTUNE EVOLUTION, il s&#8217;agit en outre de formaliser le r\u00e9seau de collaboration entre les partenaires publics et priv\u00e9s agissant dans le domaine de l&#8217;\u00e9tude\/valorisation\/durabilit\u00e9 du milieu subaquatique li\u00e9 \u00e0 l&#8217;activit\u00e9 subaquatique transfrontali\u00e8re, en cr\u00e9ant un v\u00e9ritable r\u00e9seau de coop\u00e9ration.<\/p>\n<p><a class=\"reset interactable cursor-pointer decoration-1 underline-offset-1 text-super hover:underline\" href=\"https:\/\/interreg-marittimo.eu\/web\/neptune-evolution\/progetto\" target=\"_blank\" rel=\"nofollow noopener\"><span class=\"text-box-trim-both\">Cliquez ici pour afficher le projet sur le site Interreg maritime<\/span><\/a><\/p>\n<\/div><\/div><\/div><\/div><\/div><\/p>\n","protected":false},"excerpt":{"rendered":"","protected":false},"author":5,"featured_media":0,"parent":0,"menu_order":0,"comment_status":"closed","ping_status":"closed","template":"100-width.php","meta":{"footnotes":""},"class_list":["post-4390","page","type-page","status-publish","hentry"],"_links":{"self":[{"href":"https:\/\/demo2.mastersite.it\/fr\/wp-json\/wp\/v2\/pages\/4390","targetHints":{"allow":["GET"]}}],"collection":[{"href":"https:\/\/demo2.mastersite.it\/fr\/wp-json\/wp\/v2\/pages"}],"about":[{"href":"https:\/\/demo2.mastersite.it\/fr\/wp-json\/wp\/v2\/types\/page"}],"author":[{"embeddable":true,"href":"https:\/\/demo2.mastersite.it\/fr\/wp-json\/wp\/v2\/users\/5"}],"replies":[{"embeddable":true,"href":"https:\/\/demo2.mastersite.it\/fr\/wp-json\/wp\/v2\/comments?post=4390"}],"version-history":[{"count":49,"href":"https:\/\/demo2.mastersite.it\/fr\/wp-json\/wp\/v2\/pages\/4390\/revisions"}],"predecessor-version":[{"id":10809,"href":"https:\/\/demo2.mastersite.it\/fr\/wp-json\/wp\/v2\/pages\/4390\/revisions\/10809"}],"wp:attachment":[{"href":"https:\/\/demo2.mastersite.it\/fr\/wp-json\/wp\/v2\/media?parent=4390"}],"curies":[{"name":"wp","href":"https:\/\/api.w.org\/{rel}","templated":true}]}}