{"id":7827,"date":"2021-11-13T18:43:36","date_gmt":"2021-11-13T18:43:36","guid":{"rendered":"https:\/\/neptuneproject.eu\/?page_id=7827"},"modified":"2022-02-17T08:31:51","modified_gmt":"2022-02-17T08:31:51","slug":"sardaigne","status":"publish","type":"page","link":"https:\/\/demo2.mastersite.it\/fr\/sardaigne\/","title":{"rendered":"Sardaigne"},"content":{"rendered":"<div class=\"center\">\n<p><strong>CARTE DES ITIN\u00c9RAIRES &#8211; SARDAIGNE<\/strong><br \/>\nCliquez sur l&#8217;itin\u00e9raire bleu souhait\u00e9 ou ci-dessous dans la liste des itin\u00e9raires bleus:<\/p>\n<p><img decoding=\"async\" src=\"https:\/\/demo2.mastersite.it\/wp-content\/uploads\/2022\/02\/geolocalizzazione-Sardegna_913x1735.png\" usemap=\"#image-map\" \/><\/p>\n<map name=\"image-map\">\n<area target=\"\" alt=\"Punta dei Corvi\" title=\"Punta dei Corvi\" href=\"https:\/\/demo2.mastersite.it\/fr\/regione-sardegna-fr\/sentier-environnemental-sous-marin-de-punta-dei-corvi\/\" coords=\"69,112,178,144\" shape=\"rect\">\n<area target=\"\" alt=\"Cala reale\" title=\"Cala reale\" href=\"https:\/\/demo2.mastersite.it\/fr\/regione-sardegna-fr\/sentier-environnemental-et-archeologique-sous-marin-de-cala-reale\/\" coords=\"64,182,181,215\" shape=\"rect\">\n<\/map>\n<p><\/p>\n<p><a href=\"https:\/\/demo2.mastersite.it\/fr\/regione-sardegna-fr\/sentier-environnemental-sous-marin-de-punta-dei-corvi\/\" target=\"\" rel=\"noopener\">Sentier environnemental sous marin de Punta dei corvi <\/a><\/p>\n<p><a href=\"https:\/\/demo2.mastersite.it\/fr\/regione-sardegna-fr\/sentier-environnemental-et-archeologique-sous-marin-de-cala-reale\/\" target=\"\" rel=\"noopener\">Sentier environnemental et arch\u00e9ologique sous marin de Cala Reale<\/a><\/p>\n<\/div>\n","protected":false},"excerpt":{"rendered":"<p>CARTE DES ITIN\u00c9RAIRES &#8211; SARDAIGNE Cliquez sur l&#8217;itin\u00e9raire bleu souhait\u00e9 ou ci-dessous dans la liste des itin\u00e9raires bleus: Sentier environnemental sous marin de Punta dei<\/p>\n","protected":false},"author":5,"featured_media":0,"parent":0,"menu_order":0,"comment_status":"closed","ping_status":"closed","template":"","meta":{"footnotes":""},"class_list":["post-7827","page","type-page","status-publish","hentry"],"_links":{"self":[{"href":"https:\/\/demo2.mastersite.it\/fr\/wp-json\/wp\/v2\/pages\/7827","targetHints":{"allow":["GET"]}}],"collection":[{"href":"https:\/\/demo2.mastersite.it\/fr\/wp-json\/wp\/v2\/pages"}],"about":[{"href":"https:\/\/demo2.mastersite.it\/fr\/wp-json\/wp\/v2\/types\/page"}],"author":[{"embeddable":true,"href":"https:\/\/demo2.mastersite.it\/fr\/wp-json\/wp\/v2\/users\/5"}],"replies":[{"embeddable":true,"href":"https:\/\/demo2.mastersite.it\/fr\/wp-json\/wp\/v2\/comments?post=7827"}],"version-history":[{"count":5,"href":"https:\/\/demo2.mastersite.it\/fr\/wp-json\/wp\/v2\/pages\/7827\/revisions"}],"predecessor-version":[{"id":9432,"href":"https:\/\/demo2.mastersite.it\/fr\/wp-json\/wp\/v2\/pages\/7827\/revisions\/9432"}],"wp:attachment":[{"href":"https:\/\/demo2.mastersite.it\/fr\/wp-json\/wp\/v2\/media?parent=7827"}],"curies":[{"name":"wp","href":"https:\/\/api.w.org\/{rel}","templated":true}]}}