{"id":7833,"date":"2021-11-13T15:23:58","date_gmt":"2021-11-13T15:23:58","guid":{"rendered":"https:\/\/neptuneproject.eu\/sud-della-francia\/"},"modified":"2022-12-02T15:08:02","modified_gmt":"2022-12-02T15:08:02","slug":"france-du-sud","status":"publish","type":"page","link":"https:\/\/demo2.mastersite.it\/fr\/france-du-sud\/","title":{"rendered":"France du Sud"},"content":{"rendered":"<div class=\"center\">\n<p><strong>CARTE DES ITIN\u00c9RAIRES &#8211; FRANCE DU SUD<\/strong><br \/>\nCliquez sur l&#8217;itin\u00e9raire bleu souhait\u00e9 ou ci-dessous dans la liste des itin\u00e9raires bleus:<\/p>\n<p><img decoding=\"async\" src=\"https:\/\/demo2.mastersite.it\/wp-content\/uploads\/2022\/12\/geolocalizzazione-Francia-1024x961-v8.png\" usemap=\"#image-map\" \/><\/p>\n<map name=\"image-map\">\n<area target=\"_self\" alt=\"Nice \u2013 Base de l\u2019Aigle nautique\" title=\"Nice \u2013 Base de l\u2019Aigle nautique\" href=\"https:\/\/demo2.mastersite.it\/fr\/rsud-fr\/base-de-laigle-nautique\/\" coords=\"732,454,838,471\" shape=\"rect\">\n<area target=\"_self\" alt=\"Fort balaguier \u2013 La seyne-sur-mer\" title=\"Fort balaguier \u2013 La seyne-sur-mer\" href=\"https:\/\/demo2.mastersite.it\/fr\/rsud-fr\/fort-balaguier-la-seyne-sur-mer\/\" coords=\"87,865,165,877\" shape=\"rect\">\n<area target=\"_self\" alt=\"Pole Nautique de la Londe les Maures\" title=\"Pole Nautique de la Londe les Maures\" href=\"https:\/\/demo2.mastersite.it\/fr\/rsud-fr\/pole-nautique-de-la-londe-les-maures\/\" coords=\"244,825,333,858\" shape=\"rect\">\n<area target=\"_self\" alt=\"Le fort du Pradeau \u2013 Hyeres\" title=\"Le fort du Pradeau \u2013 Hyeres\" href=\"https:\/\/demo2.mastersite.it\/fr\/rsud-fr\/le-fort-du-pradeau-hyeres\/\" coords=\"260,903,277,919\" shape=\"rect\">\n<area target=\"_self\" alt=\"Centre Cosquer Mediterrannee\" title=\"Centre Cosquer Mediterrannee\" href=\"https:\/\/demo2.mastersite.it\/fr\/rsud-fr\/centre-cosquer-mediterrannee\/\" coords=\"16,818,157,844\" shape=\"rect\">\n<area title=\"Il relitto dell'Arroyo\" alt=\"Il relitto dell'Arroyo\" coords=\"34,883,150,938\" shape=\"rect\" href=\"https:\/\/demo2.mastersite.it\/fr\/rsud-fr\/lepave-de-larroyo\/\" target=\"\" \/>\n<area title=\"Les Peniches d'Antheor\" alt=\"Les Peniches d'Antheor\" coords=\"750,497,949,545\" shape=\"rect\" href=\"https:\/\/demo2.mastersite.it\/fr\/rsud-fr\/les-peniches-dantheor\/\" target=\"\" \/>\n<area title=\"Anse Magaud\" alt=\"Anse Magaud\" coords=\"85,838,168,872\" shape=\"rect\" href=\"https:\/\/demo2.mastersite.it\/fr\/pnpc-fr\/sentier-sous-marin-de-lanse-magaud\/\" target=\"\" \/>\n<area title=\"Baie du Niel\" alt=\"Baie du Niel\" coords=\"182,903,240,930\" shape=\"rect\" href=\"https:\/\/demo2.mastersite.it\/fr\/pnpc-fr\/sentier-sous-marin-de-la-baie-du-niel\/\" target=\"\" \/>\n<area title=\"Rubis\" alt=\"Rubis\" coords=\"517,780,625,805\" shape=\"rect\" href=\"https:\/\/demo2.mastersite.it\/fr\/pnpc-fr\/the-rubis\/\" target=\"\" \/>\n<area title=\"Rayol\" alt=\"Rayol\" coords=\"429,831,473,871\" shape=\"rect\" href=\"https:\/\/demo2.mastersite.it\/fr\/pnpc-fr\/sentier-sous-marin-du-domaine-du-rayol\/\" target=\"\" \/>\n<area title=\"Pointe du Bouvet\" alt=\"Pointe du Bouvet\" coords=\"268,884,323,911\" shape=\"rect\" href=\"https:\/\/demo2.mastersite.it\/fr\/pnpc-fr\/sentier-sous-marin-de-la-pointe-du-bouvet\/\" target=\"\" \/>\n<area title=\"Pampelonne\" alt=\"Pampelonne\" coords=\"518,747,641,777\" shape=\"rect\" href=\"https:\/\/demo2.mastersite.it\/fr\/pnpc-fr\/sentier-sous-marin-de-pampelonne\/\" target=\"\" \/>\n<area title=\"Palud\" alt=\"Palud\" coords=\"351,878,401,904\" shape=\"rect\" href=\"https:\/\/demo2.mastersite.it\/fr\/pnpc-fr\/sentier-sous-marin-de-la-plage-de-la-palud\/\" target=\"\" \/>\n<area title=\"Olbia\" alt=\"Olbia\" coords=\"190,872,238,897\" shape=\"rect\" href=\"https:\/\/demo2.mastersite.it\/fr\/pnpc-fr\/sentier-sous-marin-dolbia\/\" target=\"\" \/>\n<area title=\"Michel_c\" alt=\"Michel_c\" coords=\"243,893,267,919\" shape=\"rect\" href=\"https:\/\/demo2.mastersite.it\/fr\/pnpc-fr\/le-michel-c\/\" target=\"\" \/>\n<area title=\"Ilot croco\" alt=\"Ilot croco\" coords=\"472,812,539,842\" shape=\"rect\" href=\"https:\/\/demo2.mastersite.it\/fr\/pnpc-fr\/sentier-sous-marin-de-lilot-du-crocodile\/\" target=\"\" \/>\n<area title=\"Hellcat\" alt=\"Hellcat\" coords=\"365,826,427,866\" shape=\"rect\" href=\"https:\/\/demo2.mastersite.it\/fr\/pnpc-fr\/le-hellcat\/\" target=\"\" \/>\n<area title=\"Donator\" alt=\"Donator\" coords=\"297,918,364,953\" shape=\"rect\" href=\"https:\/\/demo2.mastersite.it\/fr\/pnpc-fr\/le-donator-le-prosper-schiaffino\/\" target=\"\" \/>\n<area title=\"Cimentier\" alt=\"Cimentier\" coords=\"187,933,265,955\" shape=\"rect\" href=\"https:\/\/demo2.mastersite.it\/fr\/pnpc-fr\/le-cimentier-la-barge-en-ciment\/\" target=\"\" \/>\n<area title=\"Baia de la Garonne\" alt=\"Baia de la Garonne\" coords=\"171,841,234,867\" shape=\"rect\" href=\"https:\/\/demo2.mastersite.it\/fr\/pnpc-fr\/sentier-sous-marin-de-la-baie-de-la-garonne\/\" target=\"\" \/>\n<area title=\"Punta del Rube\" alt=\"Punta del Rube\" coords=\"906,355,1014,389\" shape=\"rect\" href=\"https:\/\/demo2.mastersite.it\/fr\/cdmm-fr-2\/pointe-du-rube\/\" target=\"\" \/>\n<area title=\"Pointe de l'Aiguille\" alt=\"Pointe de l'Aiguille\" coords=\"838,458,1006,491\" shape=\"rect\" href=\"https:\/\/demo2.mastersite.it\/fr\/cdmm-fr-2\/pointe-de-laiguille-snorkeling-path\/\" target=\"\" \/>\n<area title=\"Sute de la Grotte a Corail\" alt=\"Sute de la Grotte a Corail\" coords=\"919,310,1012,349\" shape=\"rect\" href=\"https:\/\/demo2.mastersite.it\/fr\/cdmm-fr-2\/site-de-la-grotte-a-corail-2\/\" target=\"\" \/> <\/map>\n<\/div>\n<p><a href=\"https:\/\/demo2.mastersite.it\/fr\/rsud-fr\/base-de-laigle-nautique\/\">Base de l\u2019Aigle Nautique<\/a><\/p>\n<p><a href=\"https:\/\/demo2.mastersite.it\/rsud\/fort-balaguier-la-seyne-sur-mer\/\">Fort balaguier \u2013 La seyne-sur-mer<\/a><\/p>\n<p><a href=\"https:\/\/demo2.mastersite.it\/fr\/rsud-fr\/pole-nautique-de-la-londe-les-maures\/\">Pole Nautique de la Londe les Maures<\/a><\/p>\n<p><a href=\"https:\/\/demo2.mastersite.it\/fr\/rsud-fr\/le-fort-du-pradeau-hyeres\/\">Le fort du Pradeau \u2013 Hyeres<\/a><\/p>\n<p><a href=\"https:\/\/demo2.mastersite.it\/fr\/rsud-fr\/centre-cosquer-mediterrannee\/\">Centre Cosquer Mediterrannee<\/a><\/p>\n<p><a href=\"https:\/\/demo2.mastersite.it\/fr\/rsud-fr\/lepave-de-larroyo\/\" target=\"\" rel=\"noopener\">L\u2019\u00e9pave de l\u2019Arroyo<\/a><\/p>\n<p><a href=\"https:\/\/demo2.mastersite.it\/fr\/rsud-fr\/les-peniches-dantheor\/\" target=\"\" rel=\"noopener\">Les p\u00e9niches d\u2019Anth\u00e9or<\/a><\/p>\n<p><a href=\"https:\/\/demo2.mastersite.it\/fr\/pnpc-fr\/sentier-sous-marin-de-lanse-magaud\/\" target=\"\" rel=\"noopener\">Anse Magaud <\/a><\/p>\n<p><a href=\"https:\/\/demo2.mastersite.it\/fr\/pnpc-fr\/sentier-sous-marin-de-la-baie-du-niel\/\" target=\"\" rel=\"noopener\">Baie du Niel<\/a><\/p>\n<p><a href=\"https:\/\/demo2.mastersite.it\/fr\/pnpc-fr\/the-rubis\/\" target=\"\" rel=\"noopener\">Rubis <\/a><\/p>\n<p><a href=\"https:\/\/demo2.mastersite.it\/fr\/pnpc-fr\/sentier-sous-marin-du-domaine-du-rayol\/\" target=\"\" rel=\"noopener\">Domaine du Rayol<\/a><\/p>\n<p><a href=\"https:\/\/demo2.mastersite.it\/fr\/pnpc-fr\/sentier-sous-marin-de-la-pointe-du-bouvet\/\" target=\"\" rel=\"noopener\">Pointe du Bouvet <\/a><\/p>\n<p><a href=\"https:\/\/demo2.mastersite.it\/fr\/pnpc-fr\/sentier-sous-marin-de-pampelonne\/\" target=\"\" rel=\"noopener\">Pampelonne <\/a><\/p>\n<p><a href=\"https:\/\/demo2.mastersite.it\/fr\/pnpc-fr\/sentier-sous-marin-de-la-plage-de-la-palud\/\" target=\"\" rel=\"noopener\">Plage de la Palud<\/a><\/p>\n<p><a href=\"https:\/\/demo2.mastersite.it\/fr\/pnpc-fr\/sentier-sous-marin-dolbia\/\" target=\"\" rel=\"noopener\">Olbia <\/a><\/p>\n<p><a href=\"https:\/\/demo2.mastersite.it\/fr\/pnpc-fr\/le-michel-c\/\" target=\"\" rel=\"noopener\">Michel c <\/a><\/p>\n<p><a href=\"https:\/\/demo2.mastersite.it\/fr\/pnpc-fr\/sentier-sous-marin-de-lilot-du-crocodile\/\" target=\"\" rel=\"noopener\">L\u2019ilot du Crocodile <\/a><\/p>\n<p><a href=\"https:\/\/demo2.mastersite.it\/fr\/pnpc-fr\/le-hellcat\/\" target=\"\" rel=\"noopener\">Hellcat <\/a><\/p>\n<p><a href=\"https:\/\/demo2.mastersite.it\/fr\/pnpc-fr\/le-donator-le-prosper-schiaffino\/\" target=\"\" rel=\"noopener\">Le Donator<\/a><\/p>\n<p><a href=\"https:\/\/demo2.mastersite.it\/fr\/pnpc-fr\/le-cimentier-la-barge-en-ciment\/\" target=\"\" rel=\"noopener\">Cimentier <\/a><\/p>\n<p><a href=\"https:\/\/demo2.mastersite.it\/fr\/pnpc-fr\/sentier-sous-marin-de-la-baie-de-la-garonne\/\" target=\"\" rel=\"noopener\">Baie de la Garonne <\/a><\/p>\n<p><a href=\"https:\/\/demo2.mastersite.it\/fr\/cdmm-fr-2\/pointe-du-rube\/\" target=\"\" rel=\"noopener\">Pointe du Rube <\/a><\/p>\n<p><a href=\"https:\/\/demo2.mastersite.it\/fr\/cdmm-fr-2\/pointe-de-laiguille-snorkeling-path\/\" target=\"\" rel=\"noopener\">Pointe de l&#8217;Aiguille <\/a><\/p>\n<p><a href=\"https:\/\/demo2.mastersite.it\/fr\/cdmm-fr-2\/site-de-la-grotte-a-corail-2\/\" target=\"\" rel=\"noopener\">La Grotte a Corail<\/a><\/p>\n","protected":false},"excerpt":{"rendered":"<p>CARTE DES ITIN\u00c9RAIRES &#8211; FRANCE DU SUD Cliquez sur l&#8217;itin\u00e9raire bleu souhait\u00e9 ou ci-dessous dans la liste des itin\u00e9raires bleus: Base de l\u2019Aigle Nautique Fort<\/p>\n","protected":false},"author":5,"featured_media":0,"parent":0,"menu_order":0,"comment_status":"closed","ping_status":"closed","template":"","meta":{"footnotes":""},"class_list":["post-7833","page","type-page","status-publish","hentry"],"_links":{"self":[{"href":"https:\/\/demo2.mastersite.it\/fr\/wp-json\/wp\/v2\/pages\/7833","targetHints":{"allow":["GET"]}}],"collection":[{"href":"https:\/\/demo2.mastersite.it\/fr\/wp-json\/wp\/v2\/pages"}],"about":[{"href":"https:\/\/demo2.mastersite.it\/fr\/wp-json\/wp\/v2\/types\/page"}],"author":[{"embeddable":true,"href":"https:\/\/demo2.mastersite.it\/fr\/wp-json\/wp\/v2\/users\/5"}],"replies":[{"embeddable":true,"href":"https:\/\/demo2.mastersite.it\/fr\/wp-json\/wp\/v2\/comments?post=7833"}],"version-history":[{"count":11,"href":"https:\/\/demo2.mastersite.it\/fr\/wp-json\/wp\/v2\/pages\/7833\/revisions"}],"predecessor-version":[{"id":9791,"href":"https:\/\/demo2.mastersite.it\/fr\/wp-json\/wp\/v2\/pages\/7833\/revisions\/9791"}],"wp:attachment":[{"href":"https:\/\/demo2.mastersite.it\/fr\/wp-json\/wp\/v2\/media?parent=7833"}],"curies":[{"name":"wp","href":"https:\/\/api.w.org\/{rel}","templated":true}]}}