{"id":7834,"date":"2021-10-27T09:01:38","date_gmt":"2021-10-27T09:01:38","guid":{"rendered":"https:\/\/neptuneproject.eu\/toscana\/"},"modified":"2023-01-31T10:36:19","modified_gmt":"2023-01-31T10:36:19","slug":"toscane","status":"publish","type":"page","link":"https:\/\/demo2.mastersite.it\/fr\/toscane\/","title":{"rendered":"Toscane"},"content":{"rendered":"<div class=\"center\">\n<p><strong>CARTE DES ITIN\u00c9RAIRES &#8211; TOSCANE<\/strong><br \/>\nCliquez sur l&#8217;itin\u00e9raire bleu souhait\u00e9 ou ci-dessous dans la liste des itin\u00e9raires bleus:<\/p>\n<p><img decoding=\"async\" src=\"https:\/\/demo2.mastersite.it\/wp-content\/uploads\/2021\/11\/geolocalizzazione-PNAT-1024x961-1.png\" usemap=\"#image-map\" \/><\/p>\n<map name=\"image-map\">\n<area target=\"\" alt=\"SP2 - Pianosa\" title=\"SP2 - Pianosa\" href=\"https:\/\/demo2.mastersite.it\/fr\/pnat-fr\/sp2-pianosa\/\" coords=\"63,663,144,678\" shape=\"rect\">\n<area target=\"\" alt=\"SP3 - Pianosa\" title=\"SP3 - Pianosa\" href=\"https:\/\/demo2.mastersite.it\/fr\/pnat-fr\/sp3-pianosa\/\" coords=\"69,680,149,692\" shape=\"rect\">\n<area target=\"\" alt=\"SP5 - Pianosa\" title=\"SP5 - Pianosa\" href=\"https:\/\/demo2.mastersite.it\/fr\/pnat-fr\/sp5-pianosa\/\" coords=\"66,696,146,711\" shape=\"rect\">\n<area target=\"\" alt=\"SP7 - Pianosa\" title=\"SP7 - Pianosa\" href=\"https:\/\/demo2.mastersite.it\/fr\/pnat-fr\/sp7-pianosa\/\" coords=\"53,634,136,652\" shape=\"rect\">\n<\/map>\n<\/div>\n<p><a href=\"https:\/\/demo2.mastersite.it\/fr\/pnat-fr\/sp2-pianosa\/\" target=\"\" rel=\"noopener\">SP2 &#8211; Pianosa<\/a><br \/>\n<a href=\"https:\/\/demo2.mastersite.it\/fr\/pnat-fr\/sp3-pianosa\/\" target=\"\" rel=\"noopener\">SP3 &#8211; Pianosa<\/a><br \/>\n<a href=\"https:\/\/demo2.mastersite.it\/fr\/pnat-fr\/sp5-pianosa\/\" target=\"\" rel=\"noopener\">SP5 &#8211; Pianosa<\/a><br \/>\n<a href=\"https:\/\/demo2.mastersite.it\/fr\/pnat-fr\/sp7-pianosa\/\" target=\"\" rel=\"noopener\">SP7 &#8211; Pianosa<\/a><\/p>\n","protected":false},"excerpt":{"rendered":"<p>CARTE DES ITIN\u00c9RAIRES &#8211; TOSCANE Cliquez sur l&#8217;itin\u00e9raire bleu souhait\u00e9 ou ci-dessous dans la liste des itin\u00e9raires bleus: SP2 &#8211; Pianosa SP3 &#8211; Pianosa SP5<\/p>\n","protected":false},"author":5,"featured_media":0,"parent":0,"menu_order":0,"comment_status":"closed","ping_status":"closed","template":"","meta":{"footnotes":""},"class_list":["post-7834","page","type-page","status-publish","hentry"],"_links":{"self":[{"href":"https:\/\/demo2.mastersite.it\/fr\/wp-json\/wp\/v2\/pages\/7834","targetHints":{"allow":["GET"]}}],"collection":[{"href":"https:\/\/demo2.mastersite.it\/fr\/wp-json\/wp\/v2\/pages"}],"about":[{"href":"https:\/\/demo2.mastersite.it\/fr\/wp-json\/wp\/v2\/types\/page"}],"author":[{"embeddable":true,"href":"https:\/\/demo2.mastersite.it\/fr\/wp-json\/wp\/v2\/users\/5"}],"replies":[{"embeddable":true,"href":"https:\/\/demo2.mastersite.it\/fr\/wp-json\/wp\/v2\/comments?post=7834"}],"version-history":[{"count":5,"href":"https:\/\/demo2.mastersite.it\/fr\/wp-json\/wp\/v2\/pages\/7834\/revisions"}],"predecessor-version":[{"id":9896,"href":"https:\/\/demo2.mastersite.it\/fr\/wp-json\/wp\/v2\/pages\/7834\/revisions\/9896"}],"wp:attachment":[{"href":"https:\/\/demo2.mastersite.it\/fr\/wp-json\/wp\/v2\/media?parent=7834"}],"curies":[{"name":"wp","href":"https:\/\/api.w.org\/{rel}","templated":true}]}}