{"id":7844,"date":"2021-10-22T09:25:41","date_gmt":"2021-10-22T09:25:41","guid":{"rendered":"https:\/\/neptuneproject.eu\/liguria\/"},"modified":"2022-02-17T09:05:34","modified_gmt":"2022-02-17T09:05:34","slug":"ligurie","status":"publish","type":"page","link":"https:\/\/demo2.mastersite.it\/fr\/ligurie\/","title":{"rendered":"Ligurie"},"content":{"rendered":"<div class=\"center\">\n<p><strong>CARTE DES ITIN\u00c9RAIRES &#8211; LIGURIE<\/strong><br \/>\nCliquez sur l&#8217;itin\u00e9raire bleu souhait\u00e9 ou ci-dessous dans la liste des itin\u00e9raires bleus:<\/p>\n<p><img decoding=\"async\" src=\"https:\/\/demo2.mastersite.it\/wp-content\/uploads\/2022\/02\/geolocalizzazione-Liguria-1024x535_v3.png\" usemap=\"#image-map\" \/><\/p>\n<map name=\"image-map\">\n<area title=\"AMP Portofino\" alt=\"AMP Portofino\" coords=\"624,192,706,261\" shape=\"rect\" href=\"https:\/\/demo2.mastersite.it\/fr\/amp-portofino\/\" target=\"\" \/>\n<area title=\"Scoglio del ferale\" alt=\"Scoglio del ferale\" coords=\"885,359,1003,399\" shape=\"rect\" href=\"https:\/\/demo2.mastersite.it\/fr\/rl-fr\/le-rocher-ferale\/\" target=\"\" \/>\n<area title=\"Secca dello scalino\" alt=\"Secca dello scalino\" coords=\"392,241,482,253\" shape=\"rect\" href=\"https:\/\/demo2.mastersite.it\/fr\/rl-fr\/scalino-shoal\/\" target=\"\" \/>\n<area title=\"Secca di Santo Stefano\" alt=\"Secca di Santo Stefano\" coords=\"232,432,400,465\" shape=\"rect\" href=\"https:\/\/demo2.mastersite.it\/fr\/rl-fr\/secche-di-santo-stefano\/\" target=\"\" \/>\n<area title=\"Secca Marassi\" alt=\"Secca Marassi\" coords=\"342,280,500,318\" shape=\"rect\" href=\"https:\/\/demo2.mastersite.it\/fr\/rl-fr\/marassi-shoal\/\" target=\"\" \/>\n<area title=\"Secca Punta Manara\" alt=\"Secca Punta Manara\" coords=\"709,245,804,277\" shape=\"rect\" href=\"https:\/\/demo2.mastersite.it\/fr\/rl-fr\/punta-manara-shoal\/\" target=\"\" \/>\n<area title=\"Secca Varazze\" alt=\"Secca Varazze\" coords=\"398,193,583,226\" shape=\"rect\" href=\"https:\/\/demo2.mastersite.it\/fr\/rl-fr\/bianchi-e-neri-shoal\/\" target=\"\" \/>\n<area target=\"_self\" alt=\"Vernazza\" title=\"Vernazza\" href=\"https:\/\/demo2.mastersite.it\/fr\/rl-fr\/route-de-snorkeling-de-vernazza\/\" coords=\"809,322,876,341\" shape=\"rect\">\n<area target=\"_self\" alt=\"Riomaggiore\" title=\"Riomaggiore\" href=\"https:\/\/demo2.mastersite.it\/fr\/rl-fr\/route-de-la-plongee-de-riomaggiore\/\" coords=\"828,349,937,369\" shape=\"rect\">\n<area target=\"\" alt=\"Secca dei Tuvi\" title=\"Secca dei Tuvi\" href=\"https:\/\/demo2.mastersite.it\/fr\/rl-fr\/tuvi-shoal\/\" coords=\"84,499,169,513\" shape=\"rect\">\n<area target=\"\" alt=\"Bergeggi\" title=\"Bergeggi\" href=\"https:\/\/demo2.mastersite.it\/fr\/rl-fr\/bergeggi\/\" coords=\"383,253,453,277\" shape=\"rect\">\n<area target=\"\" alt=\"Capo Mortola\" title=\"Capo Mortola\" href=\"https:\/\/demo2.mastersite.it\/fr\/capo-mortola\/\" coords=\"21,512,118,529\" shape=\"rect\">\n<\/map>\n<\/div>\n<p><a href=\"https:\/\/demo2.mastersite.it\/fr\/amp-portofino\/\" target=\"\" rel=\"noopener\">AMP Portofino <\/a><\/p>\n<p><a href=\"https:\/\/demo2.mastersite.it\/fr\/rl-fr\/bergeggi\/\" target=\"\" rel=\"noopener\">Bergeggi <\/a><\/p>\n<p><a href=\"https:\/\/demo2.mastersite.it\/fr\/rl-fr\/tuvi-shoal\/\" target=\"\" rel=\"noopener\">Tuvi sec <\/a> <\/p>\n<p><a href=\"https:\/\/demo2.mastersite.it\/fr\/rl-fr\/le-rocher-ferale\/\" target=\"\" rel=\"noopener\">Scoglio del ferale <\/a> <\/p>\n<p><a href=\"https:\/\/demo2.mastersite.it\/fr\/rl-fr\/scalino-shoal\/\" target=\"\" rel=\"noopener\">Scalino sec<\/a> <\/p>\n<p><a href=\"https:\/\/demo2.mastersite.it\/fr\/rl-fr\/secche-di-santo-stefano\/\" target=\"\" rel=\"noopener\">Santo Stefano sec<\/a> <\/p>\n<p><a href=\"https:\/\/demo2.mastersite.it\/fr\/rl-fr\/marassi-shoal\/\" target=\"\" rel=\"noopener\">Marassi sec<\/a> <\/p>\n<p><a href=\"https:\/\/demo2.mastersite.it\/fr\/rl-fr\/punta-manara-shoal\/\" target=\"\" rel=\"noopener\">Punta Manara sec<\/a> <\/p>\n<p><a href=\"https:\/\/demo2.mastersite.it\/fr\/rl-fr\/bianchi-e-neri-shoal\/\" target=\"\" rel=\"noopener\">Varazze sec<\/a><\/p>\n<p><a href=\"https:\/\/demo2.mastersite.it\/fr\/rl-fr\/route-de-snorkeling-de-vernazza\/\" target=\"\" rel=\"noopener\">Vernazza<\/a><\/p>\n<p><a href=\"https:\/\/demo2.mastersite.it\/fr\/rl-fr\/route-de-la-plongee-de-riomaggiore\/\" target=\"\" rel=\"noopener\">Riomaggiore<\/a><\/p>\n<p><a href=\"https:\/\/demo2.mastersite.it\/fr\/capo-mortola\/\" target=\"\" rel=\"noopener\">Capo Mortola<\/a><\/p>\n","protected":false},"excerpt":{"rendered":"<p>CARTE DES ITIN\u00c9RAIRES &#8211; LIGURIE Cliquez sur l&#8217;itin\u00e9raire bleu souhait\u00e9 ou ci-dessous dans la liste des itin\u00e9raires bleus: AMP Portofino Bergeggi Tuvi sec Scoglio del<\/p>\n","protected":false},"author":5,"featured_media":0,"parent":0,"menu_order":0,"comment_status":"closed","ping_status":"closed","template":"","meta":{"footnotes":""},"class_list":["post-7844","page","type-page","status-publish","hentry"],"_links":{"self":[{"href":"https:\/\/demo2.mastersite.it\/fr\/wp-json\/wp\/v2\/pages\/7844","targetHints":{"allow":["GET"]}}],"collection":[{"href":"https:\/\/demo2.mastersite.it\/fr\/wp-json\/wp\/v2\/pages"}],"about":[{"href":"https:\/\/demo2.mastersite.it\/fr\/wp-json\/wp\/v2\/types\/page"}],"author":[{"embeddable":true,"href":"https:\/\/demo2.mastersite.it\/fr\/wp-json\/wp\/v2\/users\/5"}],"replies":[{"embeddable":true,"href":"https:\/\/demo2.mastersite.it\/fr\/wp-json\/wp\/v2\/comments?post=7844"}],"version-history":[{"count":11,"href":"https:\/\/demo2.mastersite.it\/fr\/wp-json\/wp\/v2\/pages\/7844\/revisions"}],"predecessor-version":[{"id":9435,"href":"https:\/\/demo2.mastersite.it\/fr\/wp-json\/wp\/v2\/pages\/7844\/revisions\/9435"}],"wp:attachment":[{"href":"https:\/\/demo2.mastersite.it\/fr\/wp-json\/wp\/v2\/media?parent=7844"}],"curies":[{"name":"wp","href":"https:\/\/api.w.org\/{rel}","templated":true}]}}