{"id":8775,"date":"2021-12-04T11:42:02","date_gmt":"2021-12-04T11:42:02","guid":{"rendered":"https:\/\/neptuneproject.eu\/legal-notes\/"},"modified":"2021-12-04T11:45:28","modified_gmt":"2021-12-04T11:45:28","slug":"legal-notes","status":"publish","type":"page","link":"https:\/\/demo2.mastersite.it\/fr\/legal-notes\/","title":{"rendered":"Legal notes"},"content":{"rendered":"<div class=\"fusion-fullwidth fullwidth-box fusion-builder-row-1 fusion-flex-container nonhundred-percent-fullwidth non-hundred-percent-height-scrolling\" style=\"--awb-border-radius-top-left:0px;--awb-border-radius-top-right:0px;--awb-border-radius-bottom-right:0px;--awb-border-radius-bottom-left:0px;--awb-background-color:#003399;--awb-background-image:linear-gradient(180deg, #003399 0%,#000000 100%);--awb-flex-wrap:wrap;\" ><div class=\"fusion-builder-row fusion-row fusion-flex-align-items-flex-start fusion-flex-content-wrap\" style=\"max-width:1216.8px;margin-left: calc(-4% \/ 2 );margin-right: calc(-4% \/ 2 );\"><div class=\"fusion-layout-column fusion_builder_column fusion-builder-column-0 fusion_builder_column_1_1 1_1 fusion-flex-column\" style=\"--awb-bg-size:cover;--awb-width-large:100%;--awb-margin-top-large:0px;--awb-spacing-right-large:1.92%;--awb-margin-bottom-large:0px;--awb-spacing-left-large:1.92%;--awb-width-medium:100%;--awb-order-medium:0;--awb-spacing-right-medium:1.92%;--awb-spacing-left-medium:1.92%;--awb-width-small:100%;--awb-order-small:0;--awb-spacing-right-small:1.92%;--awb-spacing-left-small:1.92%;\"><div class=\"fusion-column-wrapper fusion-column-has-shadow fusion-flex-justify-content-flex-start fusion-content-layout-column\"><div class=\"fusion-text fusion-text-1\"><h1>Informations sur la soci\u00e9t\u00e9<\/h1>\n<h2>CONSORTIUM POUR LA GESTION DE LA ZONE MARINE PROT\u00c9G\u00c9E DU PROMONTOIRE DE PORTOFINO<\/h2>\n<p>bas\u00e9 \u00e0 Viale Rainusso, 1<\/p>\n<p>16038 &#8211; Santa Margherita Ligure (GE)<\/p>\n<p>T\u00e9l +39 0185 287247, Fax +39 0185 287249<\/p>\n<p>e-mail info@portofinoamp.it<\/p>\n<p>Termes et conditions d&#8217;utilisation<\/p>\n<p>Le site Web www.neptuneproject.eu (le \u00ab Site \u00bb) est un site Web appartenant \u00e0 ONSORZIO DI GESTIONE DELL&#8217;ARINA MARINA PROTETTA DEL PROMONTORIO DI PORTOFINO Son utilisation est soumise \u00e0 l&#8217;acceptation des termes et conditions \u00e9nonc\u00e9s ci-dessous. Si vous n&#8217;avez pas l&#8217;intention d&#8217;accepter, vous \u00eates invit\u00e9 \u00e0 ne pas utiliser le Site et \u00e0 ne t\u00e9l\u00e9charger aucun \u00e9l\u00e9ment \u00e0 partir de celui-ci.<\/p>\n<p>Limites d&#8217;utilisation &#8211; Copyright<\/p>\n<p>Le contenu des pages du Site est la propri\u00e9t\u00e9 exclusive de ONSORZIO DI GESTION DE LA ZONE MARINE PROT\u00c9G\u00c9E DU PROMONTORIO DI PORTOFINO ou lui est conc\u00e9d\u00e9 sous licence par des tiers. Le contenu des pages du Site ne peut, en tout ou en partie, \u00eatre copi\u00e9, reproduit, transf\u00e9r\u00e9, t\u00e9l\u00e9charg\u00e9, publi\u00e9 ou distribu\u00e9 de quelque mani\u00e8re que ce soit sans le consentement \u00e9crit pr\u00e9alable de ONSORZIO DI GESTIONE DELL&#8217;AREA MARINA PROTETTA DEL PROMONTORIO DI PORTOFINO, r\u00e9alis\u00e9s \u00e0 l&#8217;exception de la possibilit\u00e9 de les stocker sur votre ordinateur ou d&#8217;imprimer des extraits des pages de ce site uniquement pour un usage personnel sans finalit\u00e9 \u00e9conomique ou commerciale.<\/p>\n<p>Limites de responsabilit\u00e9 de ONSORZIO DI GESTION DE LA ZONE MARINE PROT\u00c9G\u00c9E DU PROMONTOIRE DE PORTOFINO<\/p>\n<p>Aucune responsabilit\u00e9 n&#8217;est assum\u00e9e en ce qui concerne \u00e0 la fois le contenu de ce qui est publi\u00e9 sur ce site et l&#8217;utilisation que des tiers peuvent en faire, et pour toute contamination r\u00e9sultant de l&#8217;acc\u00e8s, de l&#8217;interconnexion, du t\u00e9l\u00e9chargement de mat\u00e9riel et de programmes informatiques \u00e0 partir de ce site. ONSORZIO DI GESTION DE LA ZONE MARINE PROT\u00c9G\u00c9E DU PROMONTORIO DI PORTOFINO ne sera pas tenu, \u00e0 quelque titre que ce soit, de r\u00e9pondre des dommages, pertes, pr\u00e9judices de toute nature que des tiers pourraient subir en raison du contact avec ce Site, ou \u00e0 la suite de de l&#8217;utilisation de ce qui y est publi\u00e9, ainsi que du logiciel utilis\u00e9.<\/p>\n<p>Les informations contenues sur ce Site peuvent \u00eatre techniquement inexactes ou entach\u00e9es d&#8217;erreurs typographiques. Les informations peuvent \u00eatre modifi\u00e9es et mises \u00e0 jour sans pr\u00e9avis. ONSORZIO DI GESTION DE LA ZONE MARINE PROT\u00c9G\u00c9E DU PROMONTOIRE DE PORTOFINO peut \u00e9galement am\u00e9liorer, modifier ou supprimer certaines sections de ce Site, sans pr\u00e9avis.<\/p>\n<p>Links<\/p>\n<p>ONSORZIO DI GESTIONE DELL\u2019AREA MARINA PROTETTA DEL PROMONTORIO DI PORTOFINO non assume alcuna responsabilit\u00e0 per materiali creati o pubblicati da terzi con i quali il Sito abbia un link di collegamento. Chi decide di visitare un sito collegato al Sito lo fa a suo rischio, assumendosi l\u2019onere di prendere tutte le misure necessarie contro virus od altri elementi distruttivi. Il collegamento con altri siti non implica che ONSORZIO DI GESTIONE DELL\u2019AREA MARINA PROTETTA DEL PROMONTORIO DI PORTOFINO sponsorizzi o sia affiliata con le entit\u00e0 che effettuano i servizi descritti in questi siti.<\/p>\n<p>Informazioni ricevute da ONSORZIO DI GESTIONE DELL\u2019AREA MARINA PROTETTA DEL PROMONTORIO DI PORTOFINO<\/p>\n<p>Qualsiasi materiale inviato a ONSORZIO DI GESTIONE DELL\u2019AREA MARINA PROTETTA DEL PROMONTORIO DI PORTOFINO, per esempio via email o tramite le pagine World Wide Web, sar\u00e0 ritenuto di natura non confidenziale. ONSORZIO DI GESTIONE DELL\u2019AREA MARINA PROTETTA DEL PROMONTORIO DI PORTOFINO non avr\u00e0 obblighi di alcun tipo rispetto a tale materiale e sar\u00e0 libera di riprodurlo, usarlo, rivelarlo, mostrarlo, trasformarlo, farne opere derivate e distribuirlo a terzi, senza limiti. Inoltre, ONSORZIO DI GESTIONE DELL\u2019AREA MARINA PROTETTA DEL PROMONTORIO DI PORTOFINO sar\u00e0 libera di utilizzare tutte le idee, concetti, know-how o conoscenze tecniche contenute in tale materiale, per qualsiasi scopo, incluso, senza ad esso essere limitato, lo sviluppo, la produzione e commercializzazione di prodotti utilizzanti tale materiale. Chiunque invia materiale garantisce che il medesimo \u00e8 pubblicabile ed accetta di tenere indenne ONSORZIO DI GESTIONE DELL\u2019AREA MARINA PROTETTA DEL PROMONTORIO DI PORTOFINO da qualsiasi azione da parte di terzi in relazione a tale materiale.<\/p>\n<p>Legge e giurisdizione<\/p>\n<p>Queste condizioni sono regolate dalla legge italiana. Il Foro di Genova(Italia) avr\u00e0 giurisdizione e competenza esclusiva per eventuali controversie comunque connesse a queste condizioni.<\/p>\n<\/div><div class=\"fusion-separator fusion-full-width-sep\" style=\"align-self: center;margin-left: auto;margin-right: auto;width:100%;\"><\/div><\/div><\/div><\/div><\/div>\n","protected":false},"excerpt":{"rendered":"","protected":false},"author":5,"featured_media":0,"parent":0,"menu_order":0,"comment_status":"closed","ping_status":"closed","template":"100-width.php","meta":{"footnotes":""},"class_list":["post-8775","page","type-page","status-publish","hentry"],"_links":{"self":[{"href":"https:\/\/demo2.mastersite.it\/fr\/wp-json\/wp\/v2\/pages\/8775","targetHints":{"allow":["GET"]}}],"collection":[{"href":"https:\/\/demo2.mastersite.it\/fr\/wp-json\/wp\/v2\/pages"}],"about":[{"href":"https:\/\/demo2.mastersite.it\/fr\/wp-json\/wp\/v2\/types\/page"}],"author":[{"embeddable":true,"href":"https:\/\/demo2.mastersite.it\/fr\/wp-json\/wp\/v2\/users\/5"}],"replies":[{"embeddable":true,"href":"https:\/\/demo2.mastersite.it\/fr\/wp-json\/wp\/v2\/comments?post=8775"}],"version-history":[{"count":3,"href":"https:\/\/demo2.mastersite.it\/fr\/wp-json\/wp\/v2\/pages\/8775\/revisions"}],"predecessor-version":[{"id":8778,"href":"https:\/\/demo2.mastersite.it\/fr\/wp-json\/wp\/v2\/pages\/8775\/revisions\/8778"}],"wp:attachment":[{"href":"https:\/\/demo2.mastersite.it\/fr\/wp-json\/wp\/v2\/media?parent=8775"}],"curies":[{"name":"wp","href":"https:\/\/api.w.org\/{rel}","templated":true}]}}