{"id":9155,"date":"2022-02-16T11:20:59","date_gmt":"2022-02-16T11:20:59","guid":{"rendered":"https:\/\/neptuneproject.eu\/capo-mortola\/"},"modified":"2022-02-17T08:25:09","modified_gmt":"2022-02-17T08:25:09","slug":"capo-mortola","status":"publish","type":"page","link":"https:\/\/demo2.mastersite.it\/fr\/capo-mortola\/","title":{"rendered":"Capo Mortola"},"content":{"rendered":"<div class=\"center\">\n<p><strong>CARTE DES ITIN\u00c9RAIRES DE CAPO MORTOLA<\/strong><br \/>\nCliquez sur l&#8217;itin\u00e9raire bleu souhait\u00e9 ou ci-dessous dans la liste des itin\u00e9raires bleus:<\/p>\n<p><img decoding=\"async\" src=\"https:\/\/demo2.mastersite.it\/wp-content\/uploads\/2022\/02\/geolocalizzazione-capoMortola.png\" usemap=\"#image-map\" \/><\/p>\n<map name=\"image-map\">\n<area target=\"\" alt=\"Pertuso\" title=\"Pertuso\" href=\"https:\/\/demo2.mastersite.it\/fr\/capo-mortola-fr\/pertuso-capo-mortola\/\" coords=\"57,600,124,617\" shape=\"rect\">\n<area target=\"\" alt=\"Secca del Monaco\" title=\"Secca del Monaco\" href=\"https:\/\/demo2.mastersite.it\/fr\/capo-mortola-fr\/secca-del-monaco\/\" coords=\"165,607,258,623\" shape=\"rect\">\n<area target=\"\" alt=\"La Fontana\" title=\"La Fontana\" href=\"https:\/\/demo2.mastersite.it\/fr\/capo-mortola-fr\/la-fontana-capo-mortola\/\" coords=\"145,626,224,646\" shape=\"rect\">\n<area target=\"\" alt=\"Desolation\" title=\"Desolation\" href=\"https:\/\/demo2.mastersite.it\/fr\/capo-mortola-fr\/desolation-capo-mortola\/\" coords=\"63,622,140,640\" shape=\"rect\">\n <\/map>\n<\/div>\n<p><a href=\"https:\/\/demo2.mastersite.it\/fr\/capo-mortola-fr\/pertuso-capo-mortola\/\" target=\"\" rel=\"noopener\"> Pertuso<\/a><\/p>\n<p><a href=\"https:\/\/demo2.mastersite.it\/fr\/capo-mortola-fr\/secca-del-monaco\/\" target=\"\" rel=\"noopener\"> Secca del Monaco<\/a><\/p>\n<p><a href=\"https:\/\/demo2.mastersite.it\/fr\/capo-mortola-fr\/la-fontana-capo-mortola\/\" target=\"\" rel=\"noopener\"> La Fontana<\/a><\/p>\n<p><a href=\"https:\/\/demo2.mastersite.it\/fr\/capo-mortola-fr\/desolation-capo-mortola\/\" target=\"\" rel=\"noopener\"> Desolation<\/a><\/p>\n","protected":false},"excerpt":{"rendered":"<p>CARTE DES ITIN\u00c9RAIRES DE CAPO MORTOLA Cliquez sur l&#8217;itin\u00e9raire bleu souhait\u00e9 ou ci-dessous dans la liste des itin\u00e9raires bleus: Pertuso Secca del Monaco La Fontana<\/p>\n","protected":false},"author":5,"featured_media":0,"parent":0,"menu_order":0,"comment_status":"closed","ping_status":"closed","template":"","meta":{"footnotes":""},"class_list":["post-9155","page","type-page","status-publish","hentry"],"_links":{"self":[{"href":"https:\/\/demo2.mastersite.it\/fr\/wp-json\/wp\/v2\/pages\/9155","targetHints":{"allow":["GET"]}}],"collection":[{"href":"https:\/\/demo2.mastersite.it\/fr\/wp-json\/wp\/v2\/pages"}],"about":[{"href":"https:\/\/demo2.mastersite.it\/fr\/wp-json\/wp\/v2\/types\/page"}],"author":[{"embeddable":true,"href":"https:\/\/demo2.mastersite.it\/fr\/wp-json\/wp\/v2\/users\/5"}],"replies":[{"embeddable":true,"href":"https:\/\/demo2.mastersite.it\/fr\/wp-json\/wp\/v2\/comments?post=9155"}],"version-history":[{"count":4,"href":"https:\/\/demo2.mastersite.it\/fr\/wp-json\/wp\/v2\/pages\/9155\/revisions"}],"predecessor-version":[{"id":9427,"href":"https:\/\/demo2.mastersite.it\/fr\/wp-json\/wp\/v2\/pages\/9155\/revisions\/9427"}],"wp:attachment":[{"href":"https:\/\/demo2.mastersite.it\/fr\/wp-json\/wp\/v2\/media?parent=9155"}],"curies":[{"name":"wp","href":"https:\/\/api.w.org\/{rel}","templated":true}]}}